{"id":1071,"date":"2022-05-06T14:45:20","date_gmt":"2022-05-06T12:45:20","guid":{"rendered":"https:\/\/www.citywalx.net\/privacy-policy\/"},"modified":"2022-06-27T12:22:59","modified_gmt":"2022-06-27T10:22:59","slug":"privacy-policy","status":"publish","type":"page","link":"https:\/\/www.citywalx.net\/en\/privacy-policy\/","title":{"rendered":"Privacy policy"},"content":{"rendered":"\n  <div class=\"basic-content\">\n  <div class=\"max-w-5xl mx-auto relative z-30\">\n                      <div class=\"wysiwyg-output\"> <h1>Privacy Policy<\/h1>\n<h2>1. Verarbeitungst\u00e4tigkeit<\/h2>\n<div>Bereitstellung und Verarbeitung von Standortinformationen<\/div>\n<div>Sollten in dieser Datenschutzinformation auf nat\u00fcrliche Personen bezogene Bezeichnungen nur in m\u00e4nnlicher Form angef\u00fchrt sein, beziehen sie sich auf Frauen und M\u00e4nner in gleicher Weise. Bei der Anwendung der Bezeichnung auf bestimmte nat\u00fcrliche Personen ist die jeweils geschlechtsspezifische Form zu verwenden. Unter Kunden werden sowohl Konsumenten (Verbraucher), als auch Unternehmer verstanden.<\/div>\n<h2>2. Verantwortlicher<\/h2>\n<h3>Citwalx GmbH<\/h3>\n<ul>\n<li>Handelsgericht Wien, FN 545073 d<\/li>\n<li>Hegelgasse 19\/11, 1010 Wien<\/li>\n<li>E-Mail: <a href=\"mailto:info@citywalx.net\">info@citywalx.net<\/a><\/li>\n<\/ul>\n<h2>3. Zwecke der Datenverarbeitung auf der Rechtsgrundlage<\/h2>\n<h3>der Kommunikationsfreiheit<\/h3>\n<div>a) Vorrangiger Zweck der Datenverarbeitung durch den Verantwortlichen ist die Bereitstellung von Standortinformationen. Die Datenverarbeitung erfolgt in diesem Bereich auf der konventions- und verfassungsrechtlich (Art 13 StGG; Art 10 EMRK) gesch\u00fctzten Grundlage der Presse-, Meinungs- und Kommunikationsfreiheit.<\/div>\n<h3>der Vertragserf\u00fcllung oder -vorbereitung<\/h3>\n<div>b) Abrufbarhaltung von Informationen \u00fcber die Services des Verantwortlichen<\/div>\n<div><\/div>\n<div>c) Bereitstellung von Kommunikationskan\u00e4len zur Verbreitung der Inhalte und Servicierung des Kundenverh\u00e4ltnisses<\/div>\n<h3>der Einwilligung<\/h3>\n<div>d) Bereitstellung eines Newsletters und sonstiger Benachrichtigungen (z.B. \u00fcber neue Eintr\u00e4ge) an Kunden aufgrund einer Einwilligung mit jederzeitiger Opt-out-M\u00f6glichkeit<\/div>\n<h3>des (\u00fcberwiegenden) berechtigten Interesses<\/h3>\n<div>e) Verbreitung\/Ausspielung von (auch werbenden) Informationen f\u00fcr Services und Veranstaltungen des Verantwortlichen im Wege der Direktwerbung (\u201eMarketingzwecke\u201c), soweit gesetzlich zul\u00e4ssig<\/div>\n<div><\/div>\n<div>f) Erhaltung und Erh\u00f6hung der Kundenzufriedenheit und der Kundenbindung durch Analyse des Nutzungsverhaltens mit dem Ziel der Verbesserung des Serviceangebotes, dies unter Einsatz von Google Analytics<\/div>\n<div><\/div>\n<div>g) \u00dcbermittlung von elektronischen Identifikationsdaten des Nutzers an Drittanbieter, um redaktionelle Inhalte durch Beitr\u00e4ge aus sozialen Netzwerken (z.B. youTube) und anderen Applikationen (z.B. Google Maps) anzureichern.<\/div>\n<h2>4. Rechtsgrundlage der Datenverarbeitung<\/h2>\n<div>1) Vertragserf\u00fcllung: Die Inanspruchnahme der Online-Medien des Verantwortlichen basiert auf einem Vertrag iSd Art 6 Abs 1 lit b DS-GVO , durch eine Registrierung entsteht ein Registrierungsverh\u00e4ltnis.<\/div>\n<div><\/div>\n<div>2) Zusatzservices: Einwilligung. F\u00fcr einzelne Services (z.B. Newsletter) holt der Verantwortlich ausdr\u00fccklich Einwilligungen vom Kunden ein. Diese Einwilligung kann jederzeit mit Wirkung f\u00fcr die Zukunft widerrufen werden.<\/div>\n<div><\/div>\n<div>3) \u00dcberwiegende berechtigte Interessen (siehe Punkt 5.)<\/div>\n<div><\/div>\n<h2>5. Beschreibung der (\u00fcberwiegenden) berechtigten Interessen zu Zwecken<\/h2>\n<h3>der IT-Sicherheit<\/h3>\n<div>Der Verantwortliche speichert die IP-Adressen seiner Kunden f\u00fcr die Dauer von 14 Tagen, um auf gezielte Angriffe in Form der \u00dcberlastung von Servern (\u201eDenial of service\u201c-Angriffe) und andere Sch\u00e4digungen der Systeme abwehren zu k\u00f6nnen. An dieser Datenverarbeitung zum Zwecke der Aufrechterhaltung der Funktionsf\u00e4higkeit seiner online bereitgestellten Dienste hat der Verantwortliche ein \u00fcberwiegendes berechtigtes Interesse (Erw\u00e4gungsgrund 49 der DSGVO).<\/div>\n<h3>einer ansprechenden Darstellung:<\/h3>\n<div>Der Verantwortliche nutzt externe Schriften von Google Fonts. Die Nutzung von Google Fonts erfolgt im Interesse einer ansprechenden Darstellung unserer Online-Angebote. Dies stellt ein berechtigtes Interesse im Sinne von Art. 6 Abs. 1 lit. f DSGVO dar.<\/div>\n<h2>6. Pflicht zur Bereitstellung von Daten<\/h2>\n<div>Den Kunden trifft <strong>keine<\/strong> Pflicht zur Bereitstellung von Daten.<\/div>\n<div><\/div>\n<h2>7. Automatisierte Entscheidungsfindung<\/h2>\n<div>Der Kunde unterliegt <strong>keiner<\/strong> automatisierten Entscheidung, die ihm gegen\u00fcber rechtliche Wirkung entfaltet.<\/div>\n<h2>8. Verarbeitete Datenarten<\/h2>\n<ul>\n<li><strong>von Kunden bekannt gegeben<\/strong><\/li>\n<li>Vorname<\/li>\n<li>Nachname (optional)<\/li>\n<li>Benutzername<\/li>\n<li>E-Mail-Adresse<\/li>\n<li>Inhalte von Nachrichten des Kunden<\/li>\n<\/ul>\n<p>&nbsp;<\/p>\n<ul>\n<li><strong>vom Verantwortlichen zus\u00e4tzlich erhoben<\/strong><\/li>\n<li>IP-Adressen (Logfiles)<\/li>\n<li>Daten zum Endger\u00e4t<\/li>\n<li>Verwendeter Browser<\/li>\n<li>Verwendetes Ger\u00e4t<\/li>\n<li>Kommunikationsprotokoll<\/li>\n<li>Informationen zur Kontonutzung (z.B. Erstelldatum, Anzahl logins, Datum der letzten Anfrage)<\/li>\n<\/ul>\n<h2>9. Datenquellen (soweit nicht vom Kunden bekannt gegeben oder vom Verantwortlichen erhoben)<\/h2>\n<div><strong>Quelle<\/strong><\/div>\n<ul>\n<li>Wildbit, LLC (Service: \u201ePostmark\u201c) 225 Chestnut St. Philadelphia, Pennsylvania 19106, USA<\/li>\n<li>IP Standort, bevorzugter E-Mail Client, Quelle der Anmeldung, Kampagnendetails (Empfang, \u00d6ffnung, Klick)<\/li>\n<\/ul>\n<div><strong>Datenart<\/strong><\/div>\n<ul>\n<li>Newsletter-Dienst \u201cMailChimp\u201d: The Rocket Science Group, LLC 675 Ponce de Leon Ave NE Suite 5000 Atlanta, GA 30308 USA<\/li>\n<li>IP Standort, bevorzugter E-Mail Client, Quelle der Anmeldung, Kampagnendetails (Empfang, \u00d6ffnung, Klick)<\/li>\n<\/ul>\n<h2>10. Externe Empf\u00e4nger von Daten<\/h2>\n<div><strong>A) Einbindung von Content von Drittanbietern in die Website: \u00dcbermittlung von elektronischen Identifikationsdaten, insbesondere IP-Adresse:<\/strong><\/div>\n<ul>\n<li>Instagram LLC, 1601 Willow Rd, Menlo Park CA 94025, USA, <a href=\"https:\/\/help.instagram.com\/\" target=\"_blank\" rel=\"noopener\">Policy<\/a><\/li>\n<li>Facebook Inc., 1601 S. California Ave, Palo Alto, CA 94304, USA, <a href=\"https:\/\/de-de.facebook.com\/about\/basics\" target=\"_blank\" rel=\"noopener\">Policy<\/a><\/li>\n<li>Twitter Inc., 795 Folsom Street, Suite 600, San Francisco, CA 94107, USA, <a href=\"https:\/\/twitter.com\/de\/privacy\" target=\"_blank\" rel=\"noopener\">Policy<\/a><\/li>\n<li>YouTube LLC, 901 Cherry Avenue, San Bruno, CA 94066, USA <a href=\"https:\/\/support.google.com\/youtube\/answer\/7671399?hl=de\" target=\"_blank\" rel=\"noopener\">Policiy<\/a><\/li>\n<li>Vimeo\/Google-AdSens\/Google-Maps: Google LLC, 1600 Amphitheatre Parkway Mountain View, CA 94043, USA <a href=\"https:\/\/privacy.google.com\/#\" target=\"_blank\" rel=\"noopener\">Policy<\/a><\/li>\n<li>Pinterest Europe Ltd, Palmerston House, 2nd Floor, Fenian Street, Dublin 2, Ireland <a href=\"https:\/\/policy.pinterest.com\/de\/privacy-policy\" target=\"_blank\" rel=\"noopener\">Policy<\/a><\/li>\n<li>Wildbit, LLC (Service: \u201ePostmark\u201c) 225 Chestnut St. Philadelphia, Pennsylvania 19106, USA <a href=\"https:\/\/postmarkapp.com\/privacy-policy&amp;sa=D&amp;ust=1564540791850000\" target=\"_blank\" rel=\"noopener\">Policy<\/a><\/li>\n<li>Google Fonts: Google Ireland Limited, Gordon House, Barrow Street, Dublin 4, Ireland. <a href=\"https:\/\/policies.google.com\/privacy?hl=en\" target=\"_blank\" rel=\"noopener\">Policy<\/a><\/li>\n<li>Mapbox: Mapbox Inc., 740 15th Street NW, 5th Floor, District of Columbia 20005, USA. <a href=\"https:\/\/www.mapbox.com\/legal\/privacy\" target=\"_blank\" rel=\"noopener\">Policy<\/a><\/li>\n<\/ul>\n<div><\/div>\n<div><strong>B) Auftragsdatenverarbeiter<\/strong><\/div>\n<div><\/div>\n<ul>\n<li>Websitebetreuung: <a href=\"https:\/\/stiege10.at\" target=\"_blank\" rel=\"noopener\">stiege10 GbR<\/a>, Wiesingerstra\u00dfe 6\/6, 1010 Wien, \u00d6sterreich<\/li>\n<li>Hostprovider: Hetzner Online GmbH, Industriestr. 25, 91710 Gunzenhausen, Germany<\/li>\n<li>E-Mail-Kampagnenversand \u201e<a href=\"https:\/\/postmarkapp.com\/eu-privacy\" target=\"_blank\" rel=\"noopener\">Postmark<\/a>\u201c: Wildbit, LLC, 225 Chestnut St., Philadelph-ia, Pennsylvania 19106, USA<\/li>\n<li><a href=\"https:\/\/wiki.osmfoundation.org\/wiki\/Privacy_Policy\" target=\"_blank\" rel=\"noopener\">OpenStreetMap Foundation<\/a>, St John\u2019s Innovation Centre, Cowley Road, Cambridge, CB4 0WS, United Kingdom<\/li>\n<li><a href=\"https:\/\/analytics.google.com\" target=\"_blank\" rel=\"noopener\">Google Analytics<\/a> (mit \u201canonymize IP\u201d): Google LLC, 1600 Amphitheatre Parkway Mountain View, CA 94043, USA<\/li>\n<li>Newsletter-Dienst \u201cMailChimp\u201d: The Rocket Science Group, LLC 675 Ponce de Leon Ave NE Suite 5000 Atlanta, GA 30308 USA.<\/li>\n<\/ul>\n<div>Der Verantwortliche beh\u00e4lt sich den Einsatz weiterer Auftragsdatenverarbeiter ausdr\u00fccklich vor. Diese werden sodann in der auf den Einsatzbeginn folgenden Aktualisierung der Datenschutzinformation ausgewiesen. Diese Datenverarbeitungen der Auftragsdatenverarbeiter finden unter der Verantwortung des Verantwortlichen statt.<\/div>\n<div><\/div>\n<h2>11. Interne Empf\u00e4nger<\/h2>\n<ul>\n<li><strong>Systemadministrator:<\/strong><\/li>\n<li><a href=\"https:\/\/stiege10.at\" target=\"_blank\" rel=\"noopener\">stiege10 GbR<\/a>, <a href=\"https:\/\/www.citywlax.net\" target=\"_blank\" rel=\"noopener\">Citywalx GmbH<\/a><\/li>\n<li><strong>Datenarten<\/strong><\/li>\n<li>IP Standort, bevorzugter E-Mail Client, Quelle der Anmeldung, Kampagnendetails (Empfang, \u00d6ffnung, Klick)<\/li>\n<\/ul>\n<p>&nbsp;<\/p>\n<h2>12. Drittstaatstransfer<\/h2>\n<div>Folgende Daten werden im Zuge der Datenverarbeitung an Staaten au\u00dferhalb der EU \u00fcbermittelt:<\/div>\n<ul>\n<li>Google (EU-US- Privacy-Shield) \/ USA \/ Google Analytics: anonymisierte IP-Adresse, Websitetitel, browserspezifische Informationen, Informationen \u00fcber die Websitenutzung<\/li>\n<li>\u201ePostmark\u201c (EU-US-Privacy-Shield) \/ USA \/ E-Mail-Adresse, Username, Inhalt der aus der App generierten Emails<\/li>\n<li>\u201eMailChimp\u201c (EU-US-Privacy-Shield) \/ USA \/ E-Mail-Adresse, Name, Inhalt des Newsletters<\/li>\n<li>\u201eMailChimp\u201c (EU-US-Privacy-Shield) \/ USA \/ IP-Adresse, in der Karte eingegebene Daten<\/li>\n<\/ul>\n<h2>13. Auftritte in Social-Media-Kan\u00e4len<\/h2>\n<div>Der Verantwortliche informiert, dass er zu Zwecken der Werbung und der Kommunikation mit den Kunden in Social-Media-Kan\u00e4len eigenst\u00e4ndige Onlineauftritte abrufbar h\u00e4lt. Bei diesen Onlineauftritten k\u00f6nnen die Daten des Kunden au\u00dferhalb der Europ\u00e4ischen Union verarbeitet werden, wodurch ein erh\u00f6htes Risiko auf Verletzung des Datenschutzes besteht. Die Betreiber der Social-Media-Kan\u00e4le haben sich, soweit sie in den USA ans\u00e4ssig sind, gr\u00f6\u00dftenteils dem EU-US-Privacy-Shield unterstellt.<\/div>\n<div><\/div>\n<div>Diese Onlineauftritte werden in der technischen Umgebung des jeweiligen Social-Media-Betreibers abrufbar gehalten. Die Social-Media-Betreiber nutzen den Besuch des Onlineauftritts durch den Kunden sodann f\u00fcr eigene Zwecke, insbesondere um (interessensbasierte) Werbung auszuspielen. Die Social-Media-Betreiber nutzen den Besuch, um \u201eCookies\u201c am Endger\u00e4t des Kunden abzulegen, bereits vorhandene Cookies\/Identifier auszulesen, aus dem Nutzungsverhalten auf Interessen des Kunden zu schlie\u00dfen und damit das zum Kunden oder Identifier angelegte Nutzungsprofil anzureichern. Ziel ist dabei die Ausspielung von interessensbasierter Werbung an den Kunden, die auch auf sp\u00e4ter besuchten Websites dritter Anbieter erfolgen kann.<\/div>\n<div><\/div>\n<div>Die Verarbeitung der personenbezogenen Daten des Kunden erfolgt aufgrund der \u00fcberwiegenden berechtigten Interessen des Verantwortlichen an den Werbema\u00dfnahmen und der Kundenkommunikation, die durch die Erwerbsfreiheit (Art 6 StGG) und Kommunikationsfreiheit (ins. Art 10 EMRK, der auch Werbema\u00dfnahmen sch\u00fctzt) konventions- und verfassungsrechtlich gesch\u00fctzt ist. Sind die Kunden Nutzer der Social-Media-Kan\u00e4le, so kann die Datenverarbeitung auch durch die Einwilligung des Kunden abgedeckt sein.<\/div>\n<div><\/div>\n<div>Der Verantwortliche informiert, dass sie auf die Daten des Kunden keinerlei Zugriff hat. Der Verantwortliche empfiehlt daher dem Kunden, sich im Falle der Geltendmachung seiner Rechte auf Auskunft, Berichtigung, L\u00f6schung, Einschr\u00e4nkung, Widerspruch und Daten\u00fcbertragbarkeit direkt an den jeweiligen Social-Media-Kanal zu wenden. Die Nutzer von Social-Media-Kan\u00e4len k\u00f6nnen auch selbst im Bereich ihrer Privacy-Einstellungen \u00c4nderungen vornehmen. Der Verantwortliche unterst\u00fctzt den Kunden dabei, sollte das erforderlich sein.<\/div>\n<div><\/div>\n<ul>\n<li><strong>Weitergehende Informationen findet der Kunde unter:<\/strong><\/li>\n<li>Facebook (Facebook Ireland Ltd., 4 Grand Canal Square, Grand Canal Harbour, Dublin 2, Irland) &#8211; <a href=\"https:\/\/www.facebook.com\/about\/privacy\/\" target=\"_blank\" rel=\"noopener\">Datenschutzerkl\u00e4rung<\/a>,<\/li>\n<li><a href=\"https:\/\/www.facebook.com\/settings?tab=ads\" target=\"_blank\" rel=\"noopener\">Opt-Out<\/a>, <a href=\"http:\/\/www.youronlinechoices.com\" target=\"_blank\" rel=\"noopener\">Online Choices<\/a><\/li>\n<li>Instagram (Instagram Inc., 1601 Willow Road, Menlo Park, CA, 94025, USA) &#8211; <a href=\"http:\/\/instagram.com\/about\/legal\/privacy\/\" target=\"_blank\" rel=\"noopener\">Datenschutzerkl\u00e4rung<\/a><\/li>\n<li>Twitter (Twitter Inc., 1355 Market Street, Suite 900, San Francisco, CA 94103, USA) &#8211; <a href=\"https:\/\/twitter.com\/de\/privacy\" target=\"_blank\" rel=\"noopener\">Datenschutzerkl\u00e4rung,<\/a> <a href=\"https:\/\/twitter.com\/personalization\" target=\"_blank\" rel=\"noopener\">Opt-Out<\/a><\/li>\n<\/ul>\n<div><\/div>\n<h2>14. Speicherdauer<\/h2>\n<div><strong>Nicht registrierte Kunden:<\/strong> Die personenbezogenen Daten (insb. IP-Adresse) von (nicht registrierten) Websitebesuchern werden zum Zweck der IT-Sicherheit 14 Tage gespeichert und danach gel\u00f6scht.<\/div>\n<div><strong>Registrierte Kunden:<\/strong> Die Daten von registrierten Kunden werden vom Verantwortlichen auf Grund der oben genannten Rechtsgrundlage auf Dauer des Registrierungsverh\u00e4ltnisses verarbeitet. Der Nutzungsvertrag endet jedenfalls durch L\u00f6schung des Accounts.<\/div>\n<div><strong>Rechtsgrundlage Vertragsbeziehung:<\/strong> Die Daten werden vom Verantwortlichen auf Grund der oben genannten Rechtsgrundlage grunds\u00e4tzlich bis 40 Monate nach Vertragsbeendigung (= 36 Monate m\u00f6gliche vertragliche Schadenersatzanspr\u00fcche + max. 4 Monate Zustelldauer einer Klage) personenbezogen verarbeitet und da-nach (jedenfalls der Personenbezug) gel\u00f6scht. Soweit eine gesetzliche Verpflich-tung zur Aufbewahrung von Daten, insbesondere gem\u00e4\u00df \u00a7 132 Abs 1 BAO, be-steht, erfolgt eine personenbezogene Datenverarbeitung von abrechnungsrele-vanten Daten noch bis zum Ende der gesetzlichen Aufbewahrungspflicht (derzeit grunds\u00e4tzlich 7 Jahre nach dem Ende des Gesch\u00e4ftsjahres des Anfalls).<\/div>\n<h2>15. Rechte des Betroffenen<\/h2>\n<ul>\n<li>Art 15 DSGVO \u201eAuskunft\u201c \u2013 Der Kunde hat das Recht, Auskunft dar\u00fcber zu verlangen, ob und in welchem Umfang personenbezogene Daten von ihm verarbeitet werden.<\/li>\n<li>Art 16 DSGVO\u201eBerichtigung\u201c \u2013 Der Kunde hat das Recht, unverz\u00fcglich die Berichtigung unrichtiger personenbezogener Daten oder deren Vervollst\u00e4ndigung zu verlangen.<\/li>\n<li>Art 17 DSGVO \u201eL\u00f6schung\u201c \u2013 Der Kunde hat das Recht, zu verlangen, dass die personenbezogenen Daten unverz\u00fcglich gel\u00f6scht werden, soferne die in Art 17 Abs 1 DSGVO genannten Gr\u00fcnde erf\u00fcllt sind.<\/li>\n<li>Art 18 DSGVO \u2013 Der Kunde hat das Recht, zu verlangen, dass die Verarbeitung der personenbezogenen Daten eingeschr\u00e4nkt wird, soferne die in Art 18 Abs 1 DSGVO genannten Gr\u00fcnde erf\u00fcllt sind.<\/li>\n<li>Art 20 DSGVO \u201eDaten\u00fcbertragbarkeit\u201c \u2013 Der Kunde hat das Recht, seine bekannt gegebenen personenbezogenen Daten in einem strukturierten, g\u00e4ngigen und maschinenlesbaren Format zu erhalten.<\/li>\n<li>Art 21 DSGVO \u201eWiderspruch\u201c \u2013 Der Kunde hat das Recht, gegen die Verarbeitung seiner personenbezogenen Daten auf der Grundlage des \u00fcberwiegenden berechtigten Interesses Widerspruch einzulegen.<\/li>\n<\/ul>\n<h2>16. Beschwerderecht<\/h2>\n<div><strong>Art 77 DSGVO\u00a7 24 DSG<\/strong><\/div>\n<div>Jeder Kunde hat das Recht auf Beschwerde bei der Aufsichtsbeh\u00f6rde, wenn er der Ansicht ist, dass die Verarbeitung der ihn betreffenden personenbezogenen Daten gegen diese Verordnung verst\u00f6\u00dft.<\/div>\n<h2>17. Aufsichtsbeh\u00f6rde<\/h2>\n<ul>\n<li>\u00d6sterreichische Datenschutzbeh\u00f6rde<\/li>\n<li>Barichgasse 40-42<\/li>\n<li>A-1030 Wien<\/li>\n<li>Telefon: +43 1 52 152-0<\/li>\n<li>E-Mail: dsb@dsb.gv.at<\/li>\n<\/ul>\n<div><\/div>\n <\/div>\n      <\/div>\n  <div class=\"basic-content__image-container small\">\n      <\/div>\n  <\/div>","protected":false},"excerpt":{"rendered":"","protected":false},"author":1,"featured_media":0,"parent":0,"menu_order":0,"comment_status":"closed","ping_status":"closed","template":"","meta":{"_acf_changed":false,"footnotes":""},"class_list":["post-1071","page","type-page","status-publish","hentry"],"acf":[],"yoast_head":"<!-- This site is optimized with the Yoast SEO plugin v27.4 - https:\/\/yoast.com\/product\/yoast-seo-wordpress\/ -->\n<title>Privacy policy - Location Intelligence - Citywalx<\/title>\n<meta name=\"robots\" content=\"index, follow, max-snippet:-1, max-image-preview:large, max-video-preview:-1\" \/>\n<link rel=\"canonical\" href=\"https:\/\/www.citywalx.net\/en\/privacy-policy\/\" \/>\n<meta property=\"og:locale\" content=\"en_US\" \/>\n<meta property=\"og:type\" content=\"article\" \/>\n<meta property=\"og:title\" content=\"Privacy policy - Location Intelligence - Citywalx\" \/>\n<meta property=\"og:url\" content=\"https:\/\/www.citywalx.net\/en\/privacy-policy\/\" \/>\n<meta property=\"og:site_name\" content=\"Location Intelligence - Citywalx\" \/>\n<meta property=\"article:modified_time\" content=\"2022-06-27T10:22:59+00:00\" \/>\n<meta name=\"twitter:card\" content=\"summary_large_image\" \/>\n<script type=\"application\/ld+json\" class=\"yoast-schema-graph\">{\"@context\":\"https:\\\/\\\/schema.org\",\"@graph\":[{\"@type\":\"WebPage\",\"@id\":\"https:\\\/\\\/www.citywalx.net\\\/en\\\/privacy-policy\\\/\",\"url\":\"https:\\\/\\\/www.citywalx.net\\\/en\\\/privacy-policy\\\/\",\"name\":\"Privacy policy - Location Intelligence - Citywalx\",\"isPartOf\":{\"@id\":\"https:\\\/\\\/www.citywalx.net\\\/en\\\/#website\"},\"datePublished\":\"2022-05-06T12:45:20+00:00\",\"dateModified\":\"2022-06-27T10:22:59+00:00\",\"breadcrumb\":{\"@id\":\"https:\\\/\\\/www.citywalx.net\\\/en\\\/privacy-policy\\\/#breadcrumb\"},\"inLanguage\":\"en-US\",\"potentialAction\":[{\"@type\":\"ReadAction\",\"target\":[\"https:\\\/\\\/www.citywalx.net\\\/en\\\/privacy-policy\\\/\"]}]},{\"@type\":\"BreadcrumbList\",\"@id\":\"https:\\\/\\\/www.citywalx.net\\\/en\\\/privacy-policy\\\/#breadcrumb\",\"itemListElement\":[{\"@type\":\"ListItem\",\"position\":1,\"name\":\"Startseite\",\"item\":\"https:\\\/\\\/www.citywalx.net\\\/en\\\/\"},{\"@type\":\"ListItem\",\"position\":2,\"name\":\"Privacy policy\"}]},{\"@type\":\"WebSite\",\"@id\":\"https:\\\/\\\/www.citywalx.net\\\/en\\\/#website\",\"url\":\"https:\\\/\\\/www.citywalx.net\\\/en\\\/\",\"name\":\"Location Intelligence - Citywalx\",\"description\":\"Optimieren Sie Ihre Lagerecherche\",\"publisher\":{\"@id\":\"https:\\\/\\\/www.citywalx.net\\\/en\\\/#organization\"},\"potentialAction\":[{\"@type\":\"SearchAction\",\"target\":{\"@type\":\"EntryPoint\",\"urlTemplate\":\"https:\\\/\\\/www.citywalx.net\\\/en\\\/?s={search_term_string}\"},\"query-input\":{\"@type\":\"PropertyValueSpecification\",\"valueRequired\":true,\"valueName\":\"search_term_string\"}}],\"inLanguage\":\"en-US\"},{\"@type\":\"Organization\",\"@id\":\"https:\\\/\\\/www.citywalx.net\\\/en\\\/#organization\",\"name\":\"Location Intelligence - Citywalx\",\"url\":\"https:\\\/\\\/www.citywalx.net\\\/en\\\/\",\"logo\":{\"@type\":\"ImageObject\",\"inLanguage\":\"en-US\",\"@id\":\"https:\\\/\\\/www.citywalx.net\\\/en\\\/#\\\/schema\\\/logo\\\/image\\\/\",\"url\":\"https:\\\/\\\/www.citywalx.net\\\/wp-content\\\/uploads\\\/2022\\\/05\\\/cropped-Logo_ohneClaim_astronaut-2.png\",\"contentUrl\":\"https:\\\/\\\/www.citywalx.net\\\/wp-content\\\/uploads\\\/2022\\\/05\\\/cropped-Logo_ohneClaim_astronaut-2.png\",\"width\":1000,\"height\":192,\"caption\":\"Location Intelligence - Citywalx\"},\"image\":{\"@id\":\"https:\\\/\\\/www.citywalx.net\\\/en\\\/#\\\/schema\\\/logo\\\/image\\\/\"}}]}<\/script>\n<!-- \/ Yoast SEO plugin. -->","yoast_head_json":{"title":"Privacy policy - Location Intelligence - Citywalx","robots":{"index":"index","follow":"follow","max-snippet":"max-snippet:-1","max-image-preview":"max-image-preview:large","max-video-preview":"max-video-preview:-1"},"canonical":"https:\/\/www.citywalx.net\/en\/privacy-policy\/","og_locale":"en_US","og_type":"article","og_title":"Privacy policy - Location Intelligence - Citywalx","og_url":"https:\/\/www.citywalx.net\/en\/privacy-policy\/","og_site_name":"Location Intelligence - Citywalx","article_modified_time":"2022-06-27T10:22:59+00:00","twitter_card":"summary_large_image","schema":{"@context":"https:\/\/schema.org","@graph":[{"@type":"WebPage","@id":"https:\/\/www.citywalx.net\/en\/privacy-policy\/","url":"https:\/\/www.citywalx.net\/en\/privacy-policy\/","name":"Privacy policy - Location Intelligence - Citywalx","isPartOf":{"@id":"https:\/\/www.citywalx.net\/en\/#website"},"datePublished":"2022-05-06T12:45:20+00:00","dateModified":"2022-06-27T10:22:59+00:00","breadcrumb":{"@id":"https:\/\/www.citywalx.net\/en\/privacy-policy\/#breadcrumb"},"inLanguage":"en-US","potentialAction":[{"@type":"ReadAction","target":["https:\/\/www.citywalx.net\/en\/privacy-policy\/"]}]},{"@type":"BreadcrumbList","@id":"https:\/\/www.citywalx.net\/en\/privacy-policy\/#breadcrumb","itemListElement":[{"@type":"ListItem","position":1,"name":"Startseite","item":"https:\/\/www.citywalx.net\/en\/"},{"@type":"ListItem","position":2,"name":"Privacy policy"}]},{"@type":"WebSite","@id":"https:\/\/www.citywalx.net\/en\/#website","url":"https:\/\/www.citywalx.net\/en\/","name":"Location Intelligence - Citywalx","description":"Optimieren Sie Ihre Lagerecherche","publisher":{"@id":"https:\/\/www.citywalx.net\/en\/#organization"},"potentialAction":[{"@type":"SearchAction","target":{"@type":"EntryPoint","urlTemplate":"https:\/\/www.citywalx.net\/en\/?s={search_term_string}"},"query-input":{"@type":"PropertyValueSpecification","valueRequired":true,"valueName":"search_term_string"}}],"inLanguage":"en-US"},{"@type":"Organization","@id":"https:\/\/www.citywalx.net\/en\/#organization","name":"Location Intelligence - Citywalx","url":"https:\/\/www.citywalx.net\/en\/","logo":{"@type":"ImageObject","inLanguage":"en-US","@id":"https:\/\/www.citywalx.net\/en\/#\/schema\/logo\/image\/","url":"https:\/\/www.citywalx.net\/wp-content\/uploads\/2022\/05\/cropped-Logo_ohneClaim_astronaut-2.png","contentUrl":"https:\/\/www.citywalx.net\/wp-content\/uploads\/2022\/05\/cropped-Logo_ohneClaim_astronaut-2.png","width":1000,"height":192,"caption":"Location Intelligence - Citywalx"},"image":{"@id":"https:\/\/www.citywalx.net\/en\/#\/schema\/logo\/image\/"}}]}},"_links":{"self":[{"href":"https:\/\/www.citywalx.net\/en\/wp-json\/wp\/v2\/pages\/1071","targetHints":{"allow":["GET"]}}],"collection":[{"href":"https:\/\/www.citywalx.net\/en\/wp-json\/wp\/v2\/pages"}],"about":[{"href":"https:\/\/www.citywalx.net\/en\/wp-json\/wp\/v2\/types\/page"}],"author":[{"embeddable":true,"href":"https:\/\/www.citywalx.net\/en\/wp-json\/wp\/v2\/users\/1"}],"replies":[{"embeddable":true,"href":"https:\/\/www.citywalx.net\/en\/wp-json\/wp\/v2\/comments?post=1071"}],"version-history":[{"count":9,"href":"https:\/\/www.citywalx.net\/en\/wp-json\/wp\/v2\/pages\/1071\/revisions"}],"predecessor-version":[{"id":1280,"href":"https:\/\/www.citywalx.net\/en\/wp-json\/wp\/v2\/pages\/1071\/revisions\/1280"}],"wp:attachment":[{"href":"https:\/\/www.citywalx.net\/en\/wp-json\/wp\/v2\/media?parent=1071"}],"curies":[{"name":"wp","href":"https:\/\/api.w.org\/{rel}","templated":true}]}}